{"id":1997,"date":"2018-05-17T22:19:17","date_gmt":"2018-05-17T21:19:17","guid":{"rendered":"http:\/\/www.pleeggrootouders.nl\/?page_id=1997"},"modified":"2018-08-29T21:19:10","modified_gmt":"2018-08-29T20:19:10","slug":"pleeggrootouderdag-2017","status":"publish","type":"page","link":"https:\/\/www.pleeggrootouders.nl\/?page_id=1997","title":{"rendered":"2017"},"content":{"rendered":"<h2>Gefaciliteerd door \u201cMax maakt mogelijk\u201d<\/h2>\n<p>Dit jaar hadden we een heel bijzondere pleeggrootouderdag. \u201cMax maakt mogelijk\u201d vond dat pleeggrootouders een dag verwend mochten worden. Zij huurden de prachtige theaterzaal in het Nederlands Instituut voor Beeld en Geluid en zorgden voor workshops met begeleiding voor de kinderen. Alles was perfect georganiseerd.<\/p>\n<p>De grootouders hadden in de ochtend een eigen programma, verzorgd door de SBPN:<\/p>\n<h2>10.30 Opening<\/h2>\n<p>Jan Slagter opende de dag onder het genot van koffie, thee en een heerlijk gebakje.<\/p>\n<p>De kinderen gingen vervolgens samen met begeleiders uiteen in verschillende groepen om animatiefilms te maken, te gamen en te knutselen.<\/p>\n<p>De volwassenen werden in de theaterzaal verwacht waar zij door Mirte Loeffen, voorzitter van het bestuur van de Stichting Belangenbehartiging Pleeggrootouders Nederland (SBPN), welkom werden geheten en door het programma geleid.<\/p>\n<p><img loading=\"lazy\" decoding=\"async\" class=\"alignnone size-medium wp-image-2001\" src=\"https:\/\/www.pleeggrootouders.nl\/wp-content\/uploads\/2018\/05\/Theaterzaal-300x169.jpg\" alt=\"\" width=\"300\" height=\"169\" srcset=\"https:\/\/www.pleeggrootouders.nl\/wp-content\/uploads\/2018\/05\/Theaterzaal-300x169.jpg 300w, https:\/\/www.pleeggrootouders.nl\/wp-content\/uploads\/2018\/05\/Theaterzaal-150x84.jpg 150w, https:\/\/www.pleeggrootouders.nl\/wp-content\/uploads\/2018\/05\/Theaterzaal-768x432.jpg 768w, https:\/\/www.pleeggrootouders.nl\/wp-content\/uploads\/2018\/05\/Theaterzaal.jpg 938w\" sizes=\"auto, (max-width: 300px) 100vw, 300px\" \/><\/p>\n<h2>11.00 Onderzoek kosten pleegkinderen<\/h2>\n<p>Dr. Jack de Swart, lector social work bij Saxion presenteerde het onderzoek over de kosten die pleegouders maken voor hun pleegkinderen: \u201cDe hoogte zijn we onderhand zoek\u201d. De pleegzorgvergoeding is dekkend wat betreft de \u201cgewone\u201d kosten. Er ontstaan tekorten daar waar pleegouders te maken krijgen met bijzondere kosten. Gezien de achtergrond en geschiedenis van de meeste pleegkinderen zijn die er vrijwel altijd. Sinds de transitie is niet meer duidelijk wie verantwoordelijk is voor de \u201cpot geld\u201d die vroeger beschikbaar was voor bijzondere kosten. Is dat de gemeente, zijn dat de pleegzorgvoorzieningen, de pleegouders of ouders? Ook mogen de gemeenten sinds de transitie zelf beslissen wat en hoeveel zij financieren op de verschillende domeinen. Dat betekent in de praktijk dat er grote verschillen zijn tussen de gemeenten. Jack de Swart kwam veel schrijnende gevallen tegen tijdens zijn onderzoek.<\/p>\n<p><img loading=\"lazy\" decoding=\"async\" class=\"alignnone size-medium wp-image-2003\" src=\"https:\/\/www.pleeggrootouders.nl\/wp-content\/uploads\/2018\/05\/Jack-Swart-e1526593410840-175x300.jpg\" alt=\"\" width=\"175\" height=\"300\" srcset=\"https:\/\/www.pleeggrootouders.nl\/wp-content\/uploads\/2018\/05\/Jack-Swart-e1526593410840-175x300.jpg 175w, https:\/\/www.pleeggrootouders.nl\/wp-content\/uploads\/2018\/05\/Jack-Swart-e1526593410840-87x150.jpg 87w, https:\/\/www.pleeggrootouders.nl\/wp-content\/uploads\/2018\/05\/Jack-Swart-e1526593410840.jpg 523w\" sizes=\"auto, (max-width: 175px) 100vw, 175px\" \/><\/p>\n<p>Het rapport \u201cDe hoogte zijn we onderhand zoek\u201d werd aangeboden aan Paul Crombeen senior beleidsadviseur van de directie Jeugd bij VWS met de aanbeveling: zorg dat pleegouders standaard in het hele land de extra kosten die zij maken vergoed krijgen!<\/p>\n<p>Paul Crombeen was het eens met de conclusie. Hij beloofde ter plekke te zorgen dat dit item breed bekend wordt bij VWS en een belangrijke plek krijgt in het actieplan pleegzorg dat Paul onder zijn hoede heeft en dat nog onder staatsecretaris van Rijn is gelanceerd en het komende jaar verder uitgewerkt wordt.&nbsp;&nbsp;<\/p>\n<p>U kunt het onderzoeksrapport terug vinden op onze site.<\/p>\n<h2>11.15&nbsp;Polariteitsdenken<\/h2>\n<p>Riet Portengen, bureau Topic, &nbsp;nam ons vervolgens mee in het \u201cPolariteitsdenken\u201d .<\/p>\n<p><img loading=\"lazy\" decoding=\"async\" class=\"alignnone size-medium wp-image-2004\" src=\"https:\/\/www.pleeggrootouders.nl\/wp-content\/uploads\/2018\/05\/Riet-Portengen-300x169.jpg\" alt=\"\" width=\"300\" height=\"169\"><img loading=\"lazy\" decoding=\"async\" class=\"alignnone size-medium wp-image-2004\" src=\"https:\/\/www.pleeggrootouders.nl\/wp-content\/uploads\/2018\/05\/Riet-Portengen-e1526593155597-169x300.jpg\" alt=\"\" width=\"169\" height=\"300\" srcset=\"https:\/\/www.pleeggrootouders.nl\/wp-content\/uploads\/2018\/05\/Riet-Portengen-e1526593155597-169x300.jpg 169w, https:\/\/www.pleeggrootouders.nl\/wp-content\/uploads\/2018\/05\/Riet-Portengen-e1526593155597-84x150.jpg 84w, https:\/\/www.pleeggrootouders.nl\/wp-content\/uploads\/2018\/05\/Riet-Portengen-e1526593155597.jpg 422w\" sizes=\"auto, (max-width: 169px) 100vw, 169px\" \/><\/p>\n<p>Riet is al tientallen jaren begaan met netwerkpleegzorg omdat zij vindt dat er alles aan gedaan moet worden om kinderen binnen het eigen netwerk op te vangen. De familie is vanaf de geboorte verbonden met het kind en kent het als geen ander. De liefde is onvoorwaardelijk.<\/p>\n<p>Zij is daarom van mening dat je niet kunt spreken van betrekken van de familie bij een pleegzorgplaatsing, maar dat het juist andersom is: de familie betrekt de hulpverlening om ondersteund te worden in haar taak. De familie en alle voor het kind vertrouwde personen vormen het kernteam dat een actieplan maakt en uitvoert. De hulpverlening is hierin faciliterend. Dat vraagt een omslag in denken.<\/p>\n<p>Het verhaal wordt herkend door de zaal. Helaas belanden regelmatig pleeggrootouders op de zijlijn, wordt er niet goed naar hen geluisterd of &nbsp;krijgen zij te weinig informatie onder het mom van privacy.<\/p>\n<p>Riet legt uit dat het juist erom gaat dergelijke dilemma\u2019s op te pakken. Aan de ene kant beschermt de wet de privacy van mensen, aan de andere kant kun je je taak niet goed vervullen als je geen informatie krijgt. In het polariteitsdenken is het \u00e9n \u00e9n.&nbsp; Begrijpen dat het \u00e9\u00e9n niet zonder het ander kan. Zoals je alleen in kunt ademen als je ook weer uit ademt. Teveel inademen zorgt voor hyperventilatie en alleen maar uit ademen voor gebrek aan zuurstof. Vanuit dit bewustzijn zou samengewerkt moeten worden in een dialoog zonder iemand tekort te doen.<\/p>\n<p>Riet vroeg vervolgens grootouders om hun grootste dilemma\u2019s op een briefje te schrijven. Deze verzamelden wij met het plan om er bij de volgende pleeggrootouderdag op voort te borduren.<\/p>\n<h2>12.15&nbsp;Onderzoek succesvolle plaatsingen<\/h2>\n<p>Henk van Oosteren presenteerde de uitkomsten van zijn tweede onderzoek naar succesvolle &nbsp;pleeggrootouderplaatsingen. Hij heeft tientallen pleeggrootouders ge\u00efnterviewd om antwoord op de vraag te krijgen waarom de ene pleeggrootouderplaatsing wel slaagt en de andere niet. Een kant en klaar antwoord is er niet. Wel werd duidelijk dat de mate van gedragsproblematiek bij het kind en de kwaliteit van de relatie tussen grootouders en ouders van het kind een cruciale rol spelen bij het slagen van de plaatsing. Ook Henk wist te melden dat hij veel ingrijpende verhalen heeft gehoord. Tegelijkertijd is hij onder de indruk geraakt van de hoeveelheid grootouders die zeiden dat zij het z\u00f3 weer zouden doen ondanks de belasting, omdat de kleinkinderen ook veel vreugde in hun leven brachten. Vooral de grootouders die de positieve kanten van hun kleinkinderen benadrukten doen het bijzonder goed.<\/p>\n<p><img loading=\"lazy\" decoding=\"async\" class=\"alignnone size-medium wp-image-2005\" src=\"https:\/\/www.pleeggrootouders.nl\/wp-content\/uploads\/2018\/05\/Henk-van-Oosteren-169x300.jpg\" alt=\"\" width=\"169\" height=\"300\" srcset=\"https:\/\/www.pleeggrootouders.nl\/wp-content\/uploads\/2018\/05\/Henk-van-Oosteren-169x300.jpg 169w, https:\/\/www.pleeggrootouders.nl\/wp-content\/uploads\/2018\/05\/Henk-van-Oosteren-84x150.jpg 84w, https:\/\/www.pleeggrootouders.nl\/wp-content\/uploads\/2018\/05\/Henk-van-Oosteren.jpg 304w\" sizes=\"auto, (max-width: 169px) 100vw, 169px\" \/><\/p>\n<p>Het volledige onderzoek kunt u nalezen op onze website.<\/p>\n<h2>12.40 Lunch<\/h2>\n<p>En toen was het tijd voor de lunch! De kinderen kwamen terug van hun workshops en het werd een gezellige boel in de kantineruimte van Beeld en Geluid.<\/p>\n<h2>13.30 Tijd voor ontspanning<\/h2>\n<p>De volwassenen gingen terug naar de theaterzaal en de kinderen hadden nog een gezellig uurtje met hun begeleiders. De volwassenen werden getrakteerd op een serie hilarische en grappige filmfragmenten uit de televisiegeschiedenis. Er werd gelachen en meegezongen met Ja zuster, nee zuster\u2026\u2026. In het instituut Beeld en Geluid is alles gearchiveerd. Prachtig!<\/p>\n<h2>14.30 Museumbezoek<\/h2>\n<p><img loading=\"lazy\" decoding=\"async\" class=\"alignnone size-medium wp-image-2006\" src=\"https:\/\/www.pleeggrootouders.nl\/wp-content\/uploads\/2018\/05\/Museumbezoek-300x169.jpg\" alt=\"\" width=\"300\" height=\"169\" srcset=\"https:\/\/www.pleeggrootouders.nl\/wp-content\/uploads\/2018\/05\/Museumbezoek-300x169.jpg 300w, https:\/\/www.pleeggrootouders.nl\/wp-content\/uploads\/2018\/05\/Museumbezoek-150x84.jpg 150w, https:\/\/www.pleeggrootouders.nl\/wp-content\/uploads\/2018\/05\/Museumbezoek-768x432.jpg 768w, https:\/\/www.pleeggrootouders.nl\/wp-content\/uploads\/2018\/05\/Museumbezoek-1024x577.jpg 1024w, https:\/\/www.pleeggrootouders.nl\/wp-content\/uploads\/2018\/05\/Museumbezoek.jpg 1172w\" sizes=\"auto, (max-width: 300px) 100vw, 300px\" \/><\/p>\n<p>Pleeggrootouders en kleinkinderen kregen gratis toegang tot het Experience Center van Beeld en Geluid. &nbsp;Onder het moto <em>ontdek de wereld van de media<\/em> kon iedereen in interactieve paviljoens aan de slag als programmamaker, TV-ster, nieuwslezer of showmaster. In het archief konden oude films worden opgezocht en bekeken. Kortom voor iedereen iets te doen en de sfeer zat er ook goed in!<\/p>\n<h2>17.00 Afsluiting<\/h2>\n<p>Einde van een geslaagde pleeggrootouderdag met dank aan \u201cMax maakt mogelijk\u201d&nbsp;en alle sprekers met hun vrijwillige bijdrage!<\/p>\n<p>Op 9 december heeft \u201cMax maakt mogelijk\u201d om 18.30 op NPO 2 een item over deze dag uitgezonden. Hiervoor is ook een aantal interviews met pleeggrootouders gehouden die in dezelfde&nbsp;uitzending te zien zijn. De uitzending is terug te zien op uitzending gemist.<\/p>\n<p>Wij kijken uit naar de pleeggrootouderdag van 2018 en hopen u daar (opnieuw) te begroeten!<\/p>\n","protected":false},"excerpt":{"rendered":"<p>Gefaciliteerd door \u201cMax maakt mogelijk\u201d Dit jaar hadden we een heel bijzondere pleeggrootouderdag. \u201cMax maakt mogelijk\u201d vond dat pleeggrootouders een dag verwend mochten worden. Zij huurden de prachtige theaterzaal in het Nederlands Instituut voor Beeld en Geluid en zorgden voor workshops met begeleiding voor de kinderen. Alles was perfect georganiseerd. De grootouders hadden in de<\/p>\n<p class=\"more-link\"><a href=\"https:\/\/www.pleeggrootouders.nl\/?page_id=1997\" class=\"themebutton2\">READ MORE<\/a><\/p>\n","protected":false},"author":4,"featured_media":2003,"parent":1868,"menu_order":0,"comment_status":"closed","ping_status":"closed","template":"onecolumn-page.php","meta":{"ngg_post_thumbnail":0,"footnotes":""},"categories":[],"tags":[],"class_list":["post-1997","page","type-page","status-publish","has-post-thumbnail","hentry"],"_links":{"self":[{"href":"https:\/\/www.pleeggrootouders.nl\/index.php?rest_route=\/wp\/v2\/pages\/1997","targetHints":{"allow":["GET"]}}],"collection":[{"href":"https:\/\/www.pleeggrootouders.nl\/index.php?rest_route=\/wp\/v2\/pages"}],"about":[{"href":"https:\/\/www.pleeggrootouders.nl\/index.php?rest_route=\/wp\/v2\/types\/page"}],"author":[{"embeddable":true,"href":"https:\/\/www.pleeggrootouders.nl\/index.php?rest_route=\/wp\/v2\/users\/4"}],"replies":[{"embeddable":true,"href":"https:\/\/www.pleeggrootouders.nl\/index.php?rest_route=%2Fwp%2Fv2%2Fcomments&post=1997"}],"version-history":[{"count":8,"href":"https:\/\/www.pleeggrootouders.nl\/index.php?rest_route=\/wp\/v2\/pages\/1997\/revisions"}],"predecessor-version":[{"id":2126,"href":"https:\/\/www.pleeggrootouders.nl\/index.php?rest_route=\/wp\/v2\/pages\/1997\/revisions\/2126"}],"up":[{"embeddable":true,"href":"https:\/\/www.pleeggrootouders.nl\/index.php?rest_route=\/wp\/v2\/pages\/1868"}],"wp:featuredmedia":[{"embeddable":true,"href":"https:\/\/www.pleeggrootouders.nl\/index.php?rest_route=\/wp\/v2\/media\/2003"}],"wp:attachment":[{"href":"https:\/\/www.pleeggrootouders.nl\/index.php?rest_route=%2Fwp%2Fv2%2Fmedia&parent=1997"}],"wp:term":[{"taxonomy":"category","embeddable":true,"href":"https:\/\/www.pleeggrootouders.nl\/index.php?rest_route=%2Fwp%2Fv2%2Fcategories&post=1997"},{"taxonomy":"post_tag","embeddable":true,"href":"https:\/\/www.pleeggrootouders.nl\/index.php?rest_route=%2Fwp%2Fv2%2Ftags&post=1997"}],"curies":[{"name":"wp","href":"https:\/\/api.w.org\/{rel}","templated":true}]}}